{"id":90,"date":"2014-02-05T18:38:15","date_gmt":"2014-02-05T16:38:15","guid":{"rendered":"http:\/\/www.orloffrestaurant.com\/?page_id=90"},"modified":"2026-04-02T12:51:14","modified_gmt":"2026-04-02T09:51:14","slug":"wines-list","status":"publish","type":"page","link":"https:\/\/www.orloffrestaurant.com\/el\/wines-list\/","title":{"rendered":"\u039a\u03b1\u03c4\u03ac\u03bb\u03bf\u03b3\u03bf\u03c2 \u03a0\u03bf\u03c4\u03ce\u03bd"},"content":{"rendered":"<p><\/p>\n<h2>\u03a3\u03b1\u03bc\u03c0\u03ac\u03bd\u03b9\u03b5\u03c2<\/h2>\n<ul>\n<li>Taittinger Brut R\u00e9serve<\/li>\n<li>Taittinger Brut Prestige Ros\u00e9<\/li>\n<li>M\u00f6et &amp; Chandon Imperial Brut<\/li>\n<li>M\u00f6et &amp; Chandon Imperial Rose<\/li>\n<li>Dom Perignon Vintage<\/li>\n<\/ul>\n<h2>\u0391\u03c6\u03c1\u03ce\u03b4\u03b7<\/h2>\n<ul>\n<li>Amalia Brut, Tselepos Winery, M\u00e9thode traditionnelle (Moschofilero)<\/li>\n<li>Amalia Brut Ros\u00e9, Tselepos Winery, M\u00e9thode traditionnelle (Agiorgitiko)<\/li>\n<li>Afrodite, Taralas Estate (Xinomavro)<\/li>\n<li>Prosecco Santa Margherita di Valdobbiadene DOCG<\/li>\n<li>Pietro Forno Moscato D\u2019asti DOCG<\/li>\n<\/ul>\n<h2>\u039f\u03b9 \u03b5\u03c0\u03b9\u03bb\u03bf\u03b3\u03ad\u03c2 \u03bc\u03b1\u03c2<\/h2>\n<ul>\n<li>\u039f\u03c1\u03bb\u03ce\u03c6, \u039a\u03c4\u03ae\u03bc\u03b1 \u03a3\u03b5\u03bc\u03ad\u03bb\u03b7, \u03a0\u0393\u0395 \u03a0\u03b5\u03bb\u03bf\u03c0\u03bf\u03bd\u03bd\u03ae\u03c3\u03bf\u03c5 (\u039c\u03bf\u03c3\u03c7\u03bf\u03c6\u03af\u03bb\u03b5\u03c1\u03bf, \u03a1\u03bf\u03b4\u03af\u03c4\u03b7\u03c2)<\/li>\n<li>\u039f\u03c1\u03bb\u03ce\u03c6, \u039a\u03c4\u03ae\u03bc\u03b1 \u03a3\u03b5\u03bc\u03ad\u03bb\u03b7, \u03a0\u0393\u0395 \u03a0\u03b5\u03bb\u03bf\u03c0\u03bf\u03bd\u03bd\u03ae\u03c3\u03bf\u03c5 (\u0391\u03b3\u03b9\u03c9\u03c1\u03b3\u03af\u03c4\u03b9\u03ba\u03bf, Grenache)<\/li>\n<\/ul>\n<h2>\u039b\u03b5\u03c5\u03ba\u03ac<\/h2>\n<ul>\n<li>\u20189\u2019, \u039a\u03c4\u03ae\u03bc\u03b1 \u039c\u03bf\u03c5\u03c3\u03ce\u03bd, \u03a0\u0393\u0395 \u0398\u03ae\u03b2\u03b1\u03c2 (\u03a3\u03b1\u03b2\u03b2\u03b1\u03c4\u03b9\u03b1\u03bd\u03cc)<\/li>\n<li>\u03a3\u03c4\u03af\u03b3\u03bc\u03b1\u03c4\u03b1, \u0398\u03b7\u03b2\u03b1\u03ca\u03ba\u03ae \u0393\u03b7, \u03a0\u0393\u0395 \u039a\u03b5\u03bd\u03c4\u03c1\u03b9\u03ba\u03ae\u03c2 \u0395\u03bb\u03bb\u03ac\u03b4\u03b1\u03c2 (\u039c\u03b1\u03bb\u03b1\u03b3\u03bf\u03c5\u03b6\u03b9\u03ac, Sauvignon Blanc)<\/li>\n<li>\u0391\u03c1\u03bc\u03cd\u03c1\u03b1, \u039a\u03c4\u03ae\u03bc\u03b1 \u03a3\u03ba\u03bf\u03cd\u03c1\u03b1, \u03a0\u0393\u0395 \u03a0\u03b5\u03bb\u03bf\u03c0\u03bf\u03bd\u03bd\u03ae\u03c3\u03bf\u03c5 (Chardonnay, \u039c\u03b1\u03bb\u03b1\u03b3\u03bf\u03c5\u03b6\u03b9\u03ac)<\/li>\n<li>\u039a\u03c5\u03b4\u03c9\u03bd\u03af\u03c4\u03c3\u03b1, \u039f\u03b9\u03bd\u03bf\u03c0\u03bf\u03b9\u03b7\u03c4\u03b9\u03ba\u03ae \u039c\u03bf\u03bd\u03b5\u03bc\u03b2\u03b1\u03c3\u03b9\u03ac\u03c2 \u03a4\u03c3\u03b9\u03bc\u03c0\u03af\u03b4\u03b7, \u03a0\u0393\u0395 \u039b\u03b1\u03ba\u03c9\u03bd\u03af\u03b1\u03c2<\/li>\n<li>\u0391\u03bc\u03ad\u03b8\u03c5\u03c3\u03c4\u03bf\u03c2, \u039a\u03c4\u03ae\u03bc\u03b1 \u039a\u03ce\u03c3\u03c4\u03b1 \u039b\u03b1\u03b6\u03b1\u03c1\u03af\u03b4\u03b7, \u03a0\u0393\u0395 \u0394\u03c1\u03ac\u03bc\u03b1\u03c2 (Sauvignon Blanc, \u0391\u03c3\u03cd\u03c1\u03c4\u03b9\u03ba\u03bf)<\/li>\n<li>\u03a0\u03bb\u03ac\u03bd\u03bf, \u03a4\u03ad\u03c7\u03bd\u03b7 \u039f\u03af\u03bd\u03bf\u03c5, \u03a0\u0393\u0395 \u039c\u03b1\u03ba\u03b5\u03b4\u03bf\u03bd\u03af\u03b1 (\u039c\u03b1\u03bb\u03b1\u03b3\u03bf\u03c5\u03b6\u03b9\u03ac)<\/li>\n<li>\u039a\u03c4\u03ae\u03bc\u03b1 \u0398\u03b5\u03cc\u03c0\u03b5\u03c4\u03c1\u03b1, \u03a0\u0393\u0395 \u039c\u03b5\u03c4\u03ad\u03c9\u03c1\u03b1 (\u0391\u03c3\u03cd\u03c1\u03c4\u03b9\u03ba\u03bf, \u039c\u03b1\u03bb\u03b1\u03b3\u03bf\u03c5\u03b6\u03b9\u03ac)<\/li>\n<li>\u0398\u03ad\u03bc\u03b1, \u039a\u03c4\u03ae\u03bc\u03b1 \u03a0\u03b1\u03c5\u03bb\u03af\u03b4\u03b7, \u03a0\u0393\u0395 \u0394\u03c1\u03ac\u03bc\u03b1\u03c2 (\u0391\u03c3\u03cd\u03c1\u03c4\u03b9\u03ba\u03bf, Sauvignon Blanc)<\/li>\n<li>\u03a4\u03ad\u03c3\u03c3\u03b5\u03c1\u03b9\u03c2 \u039b\u03af\u03bc\u03bd\u03b5\u03c2, \u039a\u03c4\u03ae\u03bc\u03b1 \u039a\u03c5\u03c1-\u0393\u03b9\u03ac\u03bd\u03bd\u03b7, \u03a0\u0393\u0395 \u03a6\u03bb\u03ce\u03c1\u03b9\u03bd\u03b1\u03c2 (Chardonnay, Gew\u00fcrztraminer)<\/li>\n<li>\u03a1\u03bf\u03bc\u03c0\u03cc\u03bb\u03b1, \u039f\u03b9\u03bd\u03bf\u03c0\u03bf\u03b9\u03b5\u03af\u03bf \u03a3\u03b1\u03c1\u03c1\u03ae\u03c2, \u03a0\u039f\u03a0 \u039a\u03b5\u03c6\u03b1\u03bb\u03bf\u03bd\u03b9\u03ac\u03c2<\/li>\n<li>\u0388\u03bb\u03b9\u03be\u03b9\u03c1, \u039a\u03c4\u03ae\u03bc\u03b1 \u03a3\u03b5\u03bc\u03ad\u03bb\u03b7, \u03a0\u0393\u0395 \u0391\u03c1\u03ba\u03b1\u03b4\u03af\u03b1\u03c2 (Gew\u00fcrztraminer)<\/li>\n<li>\u039c\u03b1\u03bb\u03b1\u03b3\u03bf\u03c5\u03b6\u03b9\u03ac, \u039a\u03c4\u03ae\u03bc\u03b1 \u0393\u03b5\u03c1\u03bf\u03b2\u03b1\u03c3\u03b9\u03bb\u03b5\u03af\u03bf\u03c5, \u03a0\u0393\u0395 \u0395\u03c0\u03b1\u03bd\u03bf\u03bc\u03ae<\/li>\n<li>\u039c\u03b1\u03c1\u03bc\u03b1\u03c1\u03b9\u03ac\u03c2, \u039a\u03c4\u03ae\u03bc\u03b1 \u03a4\u03c3\u03ad\u03bb\u03b5\u03c0\u03bf\u03c5, \u03a0\u0393\u0395 \u0391\u03c1\u03ba\u03b1\u03b4\u03af\u03b1\u03c2 (Chardonnay)<\/li>\n<li>\u039d\u03c4\u03c1\u03bf\u03cd\u03bc\u03bf, \u039a\u03c4\u03ae\u03bc\u03b1 \u039a\u03c5\u03c1-\u0393\u03b9\u03ac\u03bd\u03bd\u03b7, \u03a0\u0393\u0395 \u03a6\u03bb\u03ce\u03c1\u03b9\u03bd\u03b1\u03c2 (Sauvignon Blanc)<\/li>\n<li>Chronos, Blanc de Noir, \u039a\u03c4\u03ae\u03bc\u03b1 \u0391\u03c1\u03b3\u03c5\u03c1\u03ac\u03ba\u03b7\u03c2, \u03a0\u0393\u0395 \u0397\u03bc\u03b1\u03b8\u03af\u03b1\u03c2 (\u039e\u03b9\u03bd\u03cc\u03bc\u03b1\u03c5\u03c1\u03bf)<\/li>\n<li>\u038c\u03b2\u03b7\u03bb\u03bf\u03c2, \u039a\u03c4\u03ae\u03bc\u03b1 \u0392\u03b9\u03b2\u03bb\u03af\u03b1 \u03a7\u03ce\u03c1\u03b1, \u03a0\u0393\u0395 \u03a0\u03b1\u03b3\u03b3\u03b1\u03af\u03bf (\u0391\u03c3\u03cd\u03c1\u03c4\u03b9\u03ba\u03bf, Semillon)<\/li>\n<li>Cuv\u00e9e \u03a0\u03b1\u03bb\u03ac\u03c4\u03b9\u03b1, \u039a\u03c4\u03ae\u03bc\u03b1 \u0391\u03c1\u03b3\u03c5\u03c1\u03bf\u03cd, \u03a0\u039f\u03a0 \u03a3\u03b1\u03bd\u03c4\u03bf\u03c1\u03af\u03bd\u03b7 (\u0391\u03c3\u03cd\u03c1\u03c4\u03b9\u03ba\u03bf)<\/li>\n<li>Cuv\u00e9e Monsignori, \u039a\u03c4\u03ae\u03bc\u03b1 \u0391\u03c1\u03b3\u03c5\u03c1\u03bf\u03cd, \u03a0\u039f\u03a0 \u03a3\u03b1\u03bd\u03c4\u03bf\u03c1\u03af\u03bd\u03b7 (\u0391\u03c3\u03cd\u03c1\u03c4\u03b9\u03ba\u03bf)<\/li>\n<li>\u0391\u03b7\u03b4\u03ac\u03bd\u03b9, \u039f\u03b9\u03bd\u03bf\u03c0\u03bf\u03b9\u03b5\u03af\u03bf \u03a7\u03b1\u03c4\u03b6\u03b7\u03b4\u03ac\u03ba\u03b7, \u03a0\u0393\u0395 \u039a\u03c5\u03ba\u03bb\u03ac\u03b4\u03b5\u03c2<\/li>\n<li>Sancerre Les Baronnes, Henri Bourgeois (Sauvignon Blanc)<\/li>\n<li>Chablis, Domaine Christian Moreau Pere Et Fils (Chardonnay)<\/li>\n<li>Pouilly Fuiss\u00e9, Bouchard P\u00e8re &amp; Fils (Chardonnay)<\/li>\n<li>Schloss Lieser, Thomas Haag, Mosel VDP (Riesling)<\/li>\n<li>Bread &amp; Butter, California (Chardonnay)<\/li>\n<\/ul>\n<h2>\u03a1\u03bf\u03b6\u03ad&nbsp;<\/h2>\n<ul>\n<li>Story, \u0398\u03b7\u03b2\u03b1\u03ca\u03ba\u03ae \u0393\u03b7, \u03a0\u0393\u0395 \u03a3\u03c4\u03b5\u03c1\u03b5\u03ac\u03c2 \u0395\u03bb\u03bb\u03ac\u03b4\u03b1\u03c2 (\u039c\u03bf\u03cd\u03c7\u03c4\u03b1\u03c1\u03bf)<\/li>\n<li>\u0386\u03c4\u03b9, \u039a\u03c4\u03ae\u03bc\u03b1 \u0391\u03c1\u03b3\u03c5\u03c1\u03ac\u03ba\u03b7\u03c2, \u03a0\u0393\u0395 \u0397\u03bc\u03b1\u03b8\u03af\u03b1\u03c2 (Syrah, \u039e\u03b9\u03bd\u03cc\u03bc\u03b1\u03c5\u03c1\u03bf)<\/li>\n<li>A.muse, \u039a\u03c4\u03ae\u03bc\u03b1 \u039c\u03bf\u03c5\u03c3\u03ce\u03bd, \u03a0\u0393\u0395 \u0398\u03ae\u03b2\u03b1\u03c2 (Sauvignon Blanc, \u039c\u03bf\u03cd\u03c7\u03c4\u03b1\u03c1\u03bf)<\/li>\n<li>Idylle d\u2019Achinos, La Tour Melas, \u03a0\u0393\u0395 \u03a6\u03b8\u03b9\u03ce\u03c4\u03b9\u03b4\u03b1\u03c2 (\u0391\u03b3\u03b9\u03c9\u03c1\u03b3\u03af\u03c4\u03b9\u03ba\u03bf, Syrah, Grenache)<\/li>\n<li>\u0394\u03ad\u03bb\u03b5\u03b1\u03c1, \u039a\u03c4\u03ae\u03bc\u03b1 \u03a3\u03b5\u03bc\u03ad\u03bb\u03b7, \u03a0\u0393\u0395 \u039a\u03bf\u03c1\u03b9\u03bd\u03b8\u03af\u03b1\u03c2 (Grenache, Syrah)<\/li>\n<li>Mavrose, T-\u039f\u03af\u03bd\u03bf\u03c2, \u03a0\u0393\u0395 \u039a\u03c5\u03ba\u03bb\u03ac\u03b4\u03b5\u03c2 (\u039c\u03b1\u03c5\u03c1\u03bf\u03c4\u03c1\u03ac\u03b3\u03b1\u03bd\u03bf, \u0391\u03c5\u03b3\u03bf\u03c5\u03c3\u03c4\u03b9\u03ac\u03c4\u03b7\u03c2)<\/li>\n<li>Klara, Domaine Clarence Dillon, Vin de France (Grenache, Merlot, Syrah)<\/li>\n<li>Minuty M, Ch\u00e2teau Minuty, AOP Provence (Grenache, Syrah, Cinsault, Tibouren)<\/li>\n<li>Mucho M\u00e1s, Vino de Espa\u00f1a (Garnacha, Tempranillo)<\/li>\n<li>Demuerte, Winery On Creations, D.O. Yecla (Monastrell, Syrah)<\/li>\n<\/ul>\n<h2>\u039a\u03cc\u03ba\u03ba\u03b9\u03bd\u03b1<\/h2>\n<ul>\n<li data-start=\"2826\" data-end=\"3557\">\u0391\u03b3\u03b9\u03c9\u03c1\u03b3\u03af\u03c4\u03b9\u03ba\u03bf, \u039a\u03c4\u03ae\u03bc\u03b1 \u03a0\u03b1\u03c0\u03b1\u03ca\u03c9\u03ac\u03bd\u03bd\u03bf\u03c5, \u03a0\u0393\u0395 \u039a\u03bf\u03c1\u03b9\u03bd\u03b8\u03af\u03b1\u03c2<\/li>\n<li data-start=\"2826\" data-end=\"3557\">\u20189\u2019, \u039a\u03c4\u03ae\u03bc\u03b1 \u039c\u03bf\u03c5\u03c3\u03ce\u03bd, \u03a0\u0393\u0395 \u039a\u03b5\u03bd\u03c4\u03c1\u03b9\u03ba\u03ae\u03c2 \u0395\u03bb\u03bb\u03ac\u03b4\u03b1\u03c2 (Cabernet Sauvignon, Merlot, Syrah)<\/li>\n<li data-start=\"2826\" data-end=\"3557\">\u0393\u03b7 \u03ba\u03b1\u03b9 \u039f\u03c5\u03c1\u03b1\u03bd\u03cc\u03c2, \u0391\u03c0\u03cc\u03c3\u03c4\u03bf\u03bb\u03bf\u03c2 \u0398\u03c5\u03bc\u03b9\u03cc\u03c0\u03bf\u03c5\u03bb\u03bf\u03c2, \u03a0\u039f\u03a0 \u039d\u03ac\u03bf\u03c5\u03c3\u03b1 (\u039e\u03b9\u03bd\u03cc\u03bc\u03b1\u03c5\u03c1\u03bf)<\/li>\n<li data-start=\"2826\" data-end=\"3557\">Ch\u00e2teau Julia, \u039a\u03c4\u03ae\u03bc\u03b1 \u039a\u03ce\u03c3\u03c4\u03b1 \u039b\u03b1\u03b6\u03b1\u03c1\u03af\u03b4\u03b7, \u03a0\u0393\u0395 \u0394\u03c1\u03ac\u03bc\u03b1\u03c2 (Merlot)<\/li>\n<li data-start=\"2826\" data-end=\"3557\">Pinot Noir, \u039a\u03c4\u03ae\u03bc\u03b1 \u0386\u03bb\u03c6\u03b1, \u03a0\u0393\u0395 \u03a6\u03bb\u03ce\u03c1\u03b9\u03bd\u03b1\u03c2<\/li>\n<li data-start=\"2826\" data-end=\"3557\">Avaton, \u039a\u03c4\u03ae\u03bc\u03b1 \u0393\u03b5\u03c1\u03bf\u03b2\u03b1\u03c3\u03b9\u03bb\u03b5\u03af\u03bf\u03c5, \u03a0\u0393\u0395 \u0395\u03c0\u03b1\u03bd\u03bf\u03bc\u03ae\u03c2 (\u039b\u03b7\u03bc\u03bd\u03b9\u03cc, \u039c\u03b1\u03c5\u03c1\u03bf\u03cd\u03b4\u03b9, \u039c\u03b1\u03c5\u03c1\u03bf\u03c4\u03c1\u03ac\u03b3\u03b1\u03bd\u03bf)<\/li>\n<li data-start=\"2826\" data-end=\"3557\">\u0394\u03ad\u03ba\u03b1, \u039a\u03c4\u03ae\u03bc\u03b1 \u039f\u03b9\u03bd\u03bf\u03b3\u03ad\u03bd\u03b5\u03c3\u03b9\u03c2, \u03a0\u0393\u0395 \u039c\u03b1\u03ba\u03b5\u03b4\u03bf\u03bd\u03af\u03b1\u03c2 (\u039e\u03b9\u03bd\u03cc\u03bc\u03b1\u03c5\u03c1\u03bf, Merlot)<\/li>\n<li data-start=\"2826\" data-end=\"3557\">\u039c\u03ad\u03b3\u03b1\u03c2 \u039f\u03af\u03bd\u03bf\u03c2, \u039a\u03c4\u03ae\u03bc\u03b1 \u03a3\u03ba\u03bf\u03cd\u03c1\u03b1, \u03a0\u0393\u0395 \u03a0\u03b5\u03bb\u03bf\u03c0\u03bf\u03bd\u03bd\u03ae\u03c3\u03bf\u03c5 (\u0391\u03b3\u03b9\u03c9\u03c1\u03b3\u03af\u03c4\u03b9\u03ba\u03bf, Cabernet Sauvignon)<\/li>\n<li data-start=\"2826\" data-end=\"3557\">\u039a\u03bf\u03ba\u03ba\u03b9\u03bd\u03cc\u03bc\u03c5\u03bb\u03bf\u03c2, \u039a\u03c4\u03ae\u03bc\u03b1 \u03a4\u03c3\u03ad\u03bb\u03b5\u03c0\u03bf\u03c5, \u03a0\u0393\u0395 \u03a4\u03b5\u03b3\u03ad\u03b1\u03c2 (Merlot)<\/li>\n<li data-start=\"2826\" data-end=\"3557\">\u0386\u03b3\u03b9\u03bf\u03c2 \u03a7\u03c1\u03cc\u03bd\u03bf\u03c2, \u039a\u03c4\u03ae\u03bc\u03b1 \u0391\u03b2\u03b1\u03bd\u03c4\u03af\u03c2 \u03a0\u0393\u0395 \u0395\u03cd\u03b2\u03bf\u03b9\u03b1 (Syrah, Viognier)<\/li>\n<li data-start=\"2826\" data-end=\"3557\">Nebbio, \u03a4\u03ad\u03c7\u03bd\u03b7 \u039f\u03af\u03bd\u03bf\u03c5, \u03a0\u0393\u0395 \u0394\u03c1\u03ac\u03bc\u03b1\u03c2 (Nebbiolo)<\/li>\n<li data-start=\"2826\" data-end=\"3557\">\u0391\u03bc\u03ad\u03b8\u03c5\u03c3\u03c4\u03bf\u03c2 Cava, \u039a\u03c4\u03ae\u03bc\u03b1 \u039a\u03ce\u03c3\u03c4\u03b1 \u039b\u03b1\u03b6\u03b1\u03c1\u03af\u03b4\u03b7, \u03a0\u0393\u0395 \u0394\u03c1\u03ac\u03bc\u03b1\u03c2 (Cabernet Franc)<\/li>\n<li data-start=\"2826\" data-end=\"3557\">Cuv\u00e9e Maclura, Ch\u00e2teau Pegau, Cotes du Rhone AC (Grenache, Syrah, Mourv\u00e8dre, Cinsault)<\/li>\n<li data-start=\"2826\" data-end=\"3557\">Bourgogne, Maison Perron de Mypont, AOC Bourgogne (Pinot Noir)<\/li>\n<li data-start=\"2826\" data-end=\"3557\">Margaux du Ch\u00e2teau Margaux AOC<\/li>\n<li data-start=\"2826\" data-end=\"3557\">Tignanello, Marchesi Antinori, IGT Toscana (Sangiovese, Cabernet Sauvignon, Cabernet Franc)<\/li>\n<li data-start=\"2826\" data-end=\"3557\">Sordo, Langhe DOC (Nebbiolo)<\/li>\n<li data-start=\"2826\" data-end=\"3557\">Castellare di Castellina, Chianti Classico DOCG (Sangiovese)<\/li>\n<li data-start=\"2826\" data-end=\"3557\">Aristocratico, Valpolicella Ripasso DOC (Corvinone, Corvina, Rondinella)<\/li>\n<\/ul>\n<h2>\u0393\u03bb\u03c5\u03ba\u03ac-\u0395\u03c0\u03b9\u03b4\u03cc\u03c1\u03c0\u03b9\u03b1<\/h2>\n<ul>\n<li>Grand Cru, \u0395\u039f\u03a3 \u03a3\u03ac\u03bc\u03bf\u03c5, \u03a0\u039f\u03a0 \u03a3\u03ac\u03bc\u03bf\u03c5 (\u039c\u03bf\u03c3\u03c7\u03ac\u03c4\u03bf \u03bb\u03b5\u03c5\u03ba\u03cc)<\/li>\n<li>Princess, \u039a\u03c4\u03ae\u03bc\u03b1 \u0391\u03b2\u03b1\u03bd\u03c4\u03af\u03c2, \u03a0\u0393\u0395 \u0395\u03cd\u03b2\u03bf\u03b9\u03b1\u03c2 (Syrah)<\/li>\n<li>\u0392\u03b9\u03bd\u03c3\u03ac\u03bd\u03c4\u03bf, \u0393\u03b1\u03af\u03b1, \u03a0\u039f\u03a0 \u03a3\u03b1\u03bd\u03c4\u03bf\u03c1\u03af\u03bd\u03b7\u03c2 (\u0391\u03c3\u03cd\u03c1\u03c4\u03b9\u03ba\u03bf, \u0391\u03b7\u03b4\u03ac\u03bd\u03b9, \u0391\u03b8\u03ae\u03c1\u03b9)<\/li>\n<\/ul>\n<h2>Cocktails<\/h2>\n<ul>\n<li>\n<p data-start=\"2445\" data-end=\"2495\">Fresh &amp; Bubble<br data-start=\"2459\" data-end=\"2462\">Prosecco, bubbles and liqueurs\u2026<\/p>\n<\/li>\n<li>\n<p data-start=\"2497\" data-end=\"2588\">Orloff Spritz<br data-start=\"2510\" data-end=\"2513\">Aperol, Skinos mastiha, fresh pink grapefruit, pink soda and summer mood\u2026<\/p>\n<\/li>\n<li>\n<p data-start=\"2590\" data-end=\"2674\">Cucumber Martini<br data-start=\"2606\" data-end=\"2609\">Vodka, fresh cucumber, fresh lime and a pinch of salt &amp; pepper\u2026<\/p>\n<\/li>\n<li>\n<p data-start=\"2676\" data-end=\"2774\">Me Gustas Tu<br data-start=\"2688\" data-end=\"2691\">Tequila Reposado, fresh ginger, fresh lime, ginger ale and red-hot chili peppers\u2026<\/p>\n<\/li>\n<li>\n<p data-start=\"2776\" data-end=\"2852\">Pink Basil Smash<br data-start=\"2792\" data-end=\"2795\">London Dry Gin, fresh basil, fresh lime and pink magic\u2026<\/p>\n<\/li>\n<li>\n<p data-start=\"2854\" data-end=\"2972\">Summer Rum\u2026 Away<br data-start=\"2870\" data-end=\"2873\">Dark Rum, Falernum liqueur, fresh lime, Angostura bitters, grated Tonka seeds and exotic mystery\u2026<\/p>\n<\/li>\n<\/ul>\n<h2>Classic Cocktails<\/h2>\n<ul>\n<li>Mojito, Margarita, Caipirinha, Bloody Mary, Dry Martini, Negroni, Aperol Spritz\u2026<\/li>\n<\/ul>\n<h2>\u0391\u03c0\u03bf\u03c3\u03c4\u03ac\u03b3\u03bc\u03b1\u03c4\u03b1<\/h2>\n<ul>\n<li data-start=\"5061\" data-end=\"5131\">\u03a0\u03b1\u03bb\u03b1\u03b9\u03c9\u03bc\u03ad\u03bd\u03bf \u03a4\u03c3\u03af\u03c0\u03bf\u03c5\u03c1\u03bf Dark Cave, Spiropoulos, Parparoussis, Methexis<\/li>\n<li data-start=\"5061\" data-end=\"5131\">\u0391\u03c0\u03bb\u03ac \u03a0\u03bf<\/li>\n<li data-start=\"5133\" data-end=\"5170\">Premium \u03a0\u03bf\u03c4\u03ac<\/li>\n<li data-start=\"5133\" data-end=\"5170\">\u03a3\u03c6\u03b7\u03bd\u03ac\u03ba\u03b9\u03b1<\/li>\n<\/ul>\n<h2>\u03a4\u03c3\u03af\u03c0\u03bf\u03c5\u03c1\u03bf-\u0391\u03c0\u03cc\u03c3\u03c4\u03b1\u03b3\u03bc\u03b1 \u03c7\u03c9\u03c1\u03af\u03c2 \u03b3\u03bb\u03c5\u03ba\u03ac\u03bd\u03b9\u03c3\u03bf (200ml)<\/h2>\n<ul>\n<li data-start=\"5225\" data-end=\"5435\">\u039a\u03c5\u03c1-\u0393\u03b9\u03ac\u03bd\u03bd\u03b7, \u0391\u03bc\u03cd\u03bd\u03c4\u03b1\u03b9\u03bf<\/li>\n<li data-start=\"5225\" data-end=\"5435\">\u039c\u03c0\u03b1\u03bc\u03c0\u03b1\u03c4\u03b6\u03af\u03bc, \u0398\u03b5\u03c3\u03c3\u03b1\u03bb\u03bf\u03bd\u03af\u03ba\u03b7<\/li>\n<li data-start=\"5225\" data-end=\"5435\">\u03a4\u03c3\u03b9\u03bb\u03b9\u03bb\u03ae, \u039c\u03b5\u03c4\u03ad\u03c9\u03c1\u03b1<\/li>\n<li data-start=\"5225\" data-end=\"5435\">\u0393\u03ac\u03c4\u03c3\u03b9\u03bf\u03c5, \u0386\u03c1\u03c4\u03b1<\/li>\n<li data-start=\"5225\" data-end=\"5435\">\u0391\u03c0\u03bf\u03c3\u03c4\u03bf\u03bb\u03ac\u03ba\u03b7, \u0392\u03cc\u03bb\u03bf\u03c2<\/li>\n<li data-start=\"5225\" data-end=\"5435\">\u0394\u03b5\u03ba\u03b1\u03c1\u03ac\u03ba\u03b9, \u03a4\u03cd\u03c1\u03bd\u03b1\u03b2\u03bf\u03c2<\/li>\n<li data-start=\"5225\" data-end=\"5435\">\u0391\u03b3\u03b9\u03bf\u03bd\u03ad\u03c1\u03b9 \u03a4\u03c3\u03b9\u03bb\u03b9\u03bb\u03ae \u03a0\u03b1\u03bb\u03b1\u03b9\u03c9\u03bc\u03ad\u03bd\u03bf, \u039c\u03b5\u03c4\u03ad\u03c9\u03c1\u03b1<\/li>\n<li data-start=\"5225\" data-end=\"5435\">\u0391\u03c0\u03cc\u03c3\u03c4\u03b1\u03b3\u03bc\u03b1 \u039c\u03bf\u03c3\u03c7\u03ac\u03c4\u03bf \u0391\u03bc\u03b2\u03bf\u03cd\u03c1\u03b3\u03bf\u03c5 \u03a4\u03c3\u03b9\u03bb\u03b9\u03bb\u03ae, \u039c\u03b5\u03c4\u03ad\u03c9\u03c1\u03b1<\/li>\n<\/ul>\n<h2>\u039f\u03cd\u03b6\u03bf (200ml)<\/h2>\n<ul>\n<li>\u03a0\u03bb\u03c9\u03bc\u03b1\u03c1\u03af\u03bf\u03c5 \u0399\u03c3\u03b9\u03b4\u03ce\u03c1\u03bf\u03c5 \u0391\u03c1\u03b2\u03b1\u03bd\u03af\u03c4\u03bf\u03c5, \u039b\u03ad\u03c3\u03b2\u03bf\u03c2<\/li>\n<li>\u0391\u03c0\u03b1\u03bb\u03b1\u03c1\u03af\u03bd\u03b1, \u03a7\u03af\u03bf\u03c2<\/li>\n<li>\u03a3\u03c4\u03bf\u03c5\u03c0\u03ac\u03ba\u03b7 \u039a\u03b1\u03b6\u03b1\u03bd\u03b9\u03c3\u03c4\u03cc, \u03a7\u03af\u03bf\u03c2<\/li>\n<li>\u0392\u03b1\u03c1\u03b2\u03b1\u03b3\u03b9\u03ac\u03bd\u03bd\u03b7\u03c2 \u039c\u03c0\u03bb\u03b5, \u039b\u03ad\u03c3\u03b2\u03bf\u03c2<\/li>\n<li>\u03a0\u03b9\u03c4\u03c3\u03b9\u03bb\u03b1\u03b4\u03ae, \u039b\u03ad\u03c3\u03b2\u03bf\u03c2<\/li>\n<\/ul>\n<h2>\u039c\u03c0\u03cd\u03c1\u03b5\u03c2<\/h2>\n<ul>\n<li>\u0388\u03b6\u03b1 Draft, lager 330ml \/ 500ml<\/li>\n<li>Mamos 330ml<\/li>\n<li>Heineken, lager 330ml<\/li>\n<li>Kaiser, pilsner 330ml<\/li>\n<li>Stella Artois 330ml<\/li>\n<li>Fix \u0386\u03bd\u03b5\u03c5, alcohol free 330ml<\/li>\n<\/ul>\n<h2>\u039d\u03b5\u03c1\u03ac-\u0391\u03bd\u03b1\u03c8\u03c5\u03ba\u03c4\u03b9\u03ba\u03ac<\/h2>\n<ul>\n<li data-start=\"5785\" data-end=\"5891\">\u0391\u03bd\u03b1\u03c8\u03c5\u03ba\u03c4\u03b9\u03ba\u03ac<\/li>\n<li data-start=\"5785\" data-end=\"5891\">Pink Grapefruit Soda \/ Ginger Ale 200ml<\/li>\n<li data-start=\"5785\" data-end=\"5891\">\u039c\u03b5\u03c4\u03b1\u03bb\u03bb\u03b9\u03ba\u03cc \u039d\u03b5\u03c1\u03cc \u0399\u03cc\u03bb\u03b7 \u03ae \u0391\u03cd\u03c1\u03b1<\/li>\n<li data-start=\"5785\" data-end=\"5891\">San Pellegrino 750ml<\/li>\n<\/ul>\n<p><\/p>","protected":false},"excerpt":{"rendered":"<p>\u03a3\u03b1\u03bc\u03c0\u03ac\u03bd\u03b9\u03b5\u03c2 Taittinger Brut R\u00e9serve Taittinger Brut Prestige Ros\u00e9 M\u00f6et &amp; Chandon Imperial Brut M\u00f6et &amp; Chandon Imperial Rose Dom Perignon Vintage \u0391\u03c6\u03c1\u03ce\u03b4\u03b7 Amalia Brut, Tselepos Winery, M\u00e9thode traditionnelle (Moschofilero) Amalia Brut Ros\u00e9, Tselepos Winery, M\u00e9thode traditionnelle (Agiorgitiko) Afrodite, Taralas Estate (Xinomavro) Prosecco Santa Margherita di Valdobbiadene DOCG Pietro Forno Moscato D\u2019asti DOCG \u039f\u03b9 \u03b5\u03c0\u03b9\u03bb\u03bf\u03b3\u03ad\u03c2 \u03bc\u03b1\u03c2 [&hellip;]<\/p>\n","protected":false},"author":3,"featured_media":0,"parent":0,"menu_order":5,"comment_status":"closed","ping_status":"closed","template":"","meta":{"ngg_post_thumbnail":0},"_links":{"self":[{"href":"https:\/\/www.orloffrestaurant.com\/el\/wp-json\/wp\/v2\/pages\/90"}],"collection":[{"href":"https:\/\/www.orloffrestaurant.com\/el\/wp-json\/wp\/v2\/pages"}],"about":[{"href":"https:\/\/www.orloffrestaurant.com\/el\/wp-json\/wp\/v2\/types\/page"}],"author":[{"embeddable":true,"href":"https:\/\/www.orloffrestaurant.com\/el\/wp-json\/wp\/v2\/users\/3"}],"replies":[{"embeddable":true,"href":"https:\/\/www.orloffrestaurant.com\/el\/wp-json\/wp\/v2\/comments?post=90"}],"version-history":[{"count":0,"href":"https:\/\/www.orloffrestaurant.com\/el\/wp-json\/wp\/v2\/pages\/90\/revisions"}],"wp:attachment":[{"href":"https:\/\/www.orloffrestaurant.com\/el\/wp-json\/wp\/v2\/media?parent=90"}],"curies":[{"name":"wp","href":"https:\/\/api.w.org\/{rel}","templated":true}]}}